{"id":155,"date":"2023-11-13T21:31:50","date_gmt":"2023-11-13T21:31:50","guid":{"rendered":"https:\/\/arkalexbb.ro\/?page_id=155"},"modified":"2024-03-05T10:04:33","modified_gmt":"2024-03-05T10:04:33","slug":"termeni-si-conditii","status":"publish","type":"page","link":"https:\/\/arkalexbb.ro\/en\/termeni-si-conditii\/","title":{"rendered":"Terms and conditions"},"content":{"rendered":"<div data-elementor-type=\"wp-page\" data-elementor-id=\"155\" class=\"elementor elementor-155\" data-elementor-post-type=\"page\">\n\t\t\t\t\t\t\t\t\t<section class=\"elementor-section elementor-top-section elementor-element elementor-element-5f039ac1 elementor-section-full_width elementor-section-height-min-height elementor-section-height-default elementor-section-items-middle\" data-id=\"5f039ac1\" data-element_type=\"section\" data-settings=\"{&quot;background_background&quot;:&quot;classic&quot;}\">\n\t\t\t\t\t\t<div class=\"elementor-container elementor-column-gap-no\">\n\t\t\t\t\t<div class=\"elementor-column elementor-col-100 elementor-top-column elementor-element elementor-element-1c46c34e\" data-id=\"1c46c34e\" data-element_type=\"column\">\n\t\t\t<div class=\"elementor-widget-wrap\">\n\t\t\t\t\t\t\t\t\t<\/div>\n\t\t<\/div>\n\t\t\t\t\t\t\t<\/div>\n\t\t<\/section>\n\t\t\t\t<section class=\"elementor-section elementor-top-section elementor-element elementor-element-35a1991b elementor-section-full_width elementor-section-height-min-height elementor-section-items-stretch elementor-section-height-default\" data-id=\"35a1991b\" data-element_type=\"section\">\n\t\t\t\t\t\t<div class=\"elementor-container elementor-column-gap-no\">\n\t\t\t\t\t<div class=\"elementor-column elementor-col-100 elementor-top-column elementor-element elementor-element-3c434944\" data-id=\"3c434944\" data-element_type=\"column\" data-settings=\"{&quot;background_background&quot;:&quot;classic&quot;}\">\n\t\t\t<div class=\"elementor-widget-wrap elementor-element-populated\">\n\t\t\t\t\t<div class=\"elementor-background-overlay\"><\/div>\n\t\t\t\t\t\t\t\t<div class=\"elementor-element elementor-element-513fa37d elementor-widget elementor-widget-spacer\" data-id=\"513fa37d\" data-element_type=\"widget\" data-widget_type=\"spacer.default\">\n\t\t\t\t<div class=\"elementor-widget-container\">\n\t\t\t<style>\/*! elementor - v3.17.0 - 08-11-2023 *\/\n.elementor-column .elementor-spacer-inner{height:var(--spacer-size)}.e-con{--container-widget-width:100%}.e-con-inner>.elementor-widget-spacer,.e-con>.elementor-widget-spacer{width:var(--container-widget-width,var(--spacer-size));--align-self:var(--container-widget-align-self,initial);--flex-shrink:0}.e-con-inner>.elementor-widget-spacer>.elementor-widget-container,.e-con>.elementor-widget-spacer>.elementor-widget-container{height:100%;width:100%}.e-con-inner>.elementor-widget-spacer>.elementor-widget-container>.elementor-spacer,.e-con>.elementor-widget-spacer>.elementor-widget-container>.elementor-spacer{height:100%}.e-con-inner>.elementor-widget-spacer>.elementor-widget-container>.elementor-spacer>.elementor-spacer-inner,.e-con>.elementor-widget-spacer>.elementor-widget-container>.elementor-spacer>.elementor-spacer-inner{height:var(--container-widget-height,var(--spacer-size))}.e-con-inner>.elementor-widget-spacer.elementor-widget-empty,.e-con>.elementor-widget-spacer.elementor-widget-empty{position:relative;min-height:22px;min-width:22px}.e-con-inner>.elementor-widget-spacer.elementor-widget-empty .elementor-widget-empty-icon,.e-con>.elementor-widget-spacer.elementor-widget-empty .elementor-widget-empty-icon{position:absolute;top:0;bottom:0;left:0;right:0;margin:auto;padding:0;width:22px;height:22px}<\/style>\t\t<div class=\"elementor-spacer\">\n\t\t\t<div class=\"elementor-spacer-inner\"><\/div>\n\t\t<\/div>\n\t\t\t\t<\/div>\n\t\t\t\t<\/div>\n\t\t\t\t\t<\/div>\n\t\t<\/div>\n\t\t\t\t\t\t\t<\/div>\n\t\t<\/section>\n\t\t\t\t<section class=\"elementor-section elementor-top-section elementor-element elementor-element-35568fa3 elementor-section-full_width elementor-section-height-default elementor-section-height-default\" data-id=\"35568fa3\" data-element_type=\"section\">\n\t\t\t\t\t\t<div class=\"elementor-container elementor-column-gap-no\">\n\t\t\t\t\t<div class=\"elementor-column elementor-col-100 elementor-top-column elementor-element elementor-element-99f25\" data-id=\"99f25\" data-element_type=\"column\">\n\t\t\t<div class=\"elementor-widget-wrap elementor-element-populated\">\n\t\t\t\t\t\t\t\t<section class=\"elementor-section elementor-inner-section elementor-element elementor-element-14bece92 elementor-section-boxed elementor-section-height-default elementor-section-height-default\" data-id=\"14bece92\" data-element_type=\"section\">\n\t\t\t\t\t\t<div class=\"elementor-container elementor-column-gap-default\">\n\t\t\t\t\t<div class=\"elementor-column elementor-col-100 elementor-inner-column elementor-element elementor-element-40dff346\" data-id=\"40dff346\" data-element_type=\"column\">\n\t\t\t<div class=\"elementor-widget-wrap elementor-element-populated\">\n\t\t\t\t\t\t\t\t<div class=\"elementor-element elementor-element-7d27ade6 elementor-widget elementor-widget-text-editor\" data-id=\"7d27ade6\" data-element_type=\"widget\" data-widget_type=\"text-editor.default\">\n\t\t\t\t<div class=\"elementor-widget-container\">\n\t\t\t<style>\/*! elementor - v3.17.0 - 08-11-2023 *\/\n.elementor-widget-text-editor.elementor-drop-cap-view-stacked .elementor-drop-cap{background-color:#69727d;color:#fff}.elementor-widget-text-editor.elementor-drop-cap-view-framed .elementor-drop-cap{color:#69727d;border:3px solid;background-color:transparent}.elementor-widget-text-editor:not(.elementor-drop-cap-view-default) .elementor-drop-cap{margin-top:8px}.elementor-widget-text-editor:not(.elementor-drop-cap-view-default) .elementor-drop-cap-letter{width:1em;height:1em}.elementor-widget-text-editor .elementor-drop-cap{float:left;text-align:center;line-height:1;font-size:50px}.elementor-widget-text-editor .elementor-drop-cap-letter{display:inline-block}<\/style>\t\t\t\t<p><strong>Information about our website<\/strong><br \/>S.C. Arkalexbb S.R.L, de\u021bine site-ul www.arkalexbb.ro (denumit ca si \u201eSite-ul\u201d).<\/p><p>Site-ul v\u0103 permite dumneavoastr\u0103 (\u201eDvs.\u201d) s\u0103 g\u0103si\u021bi informa\u021bii, \u0219tiri \u0219i s\u0103 v\u0103 documenta\u021bi cu privire la serviciile si produsele ArkalexBB.<\/p><p>\u00a0<\/p><p><strong>Agreement<\/strong><br \/>By using our Site, you agree to these Terms of Use. You represent and warrant that you have the legal right, capacity and ability to agree to the Terms of Use. If you do not agree with any part of these Terms of Use, please do not use the Site.<\/p><p>We reserve the right to update and modify the Terms of Use at any time, by publishing the latest version on the Site. Check the Terms of Use published periodically. If you use the Site after a modified version of the Terms of Use has been posted, you are deemed to have accepted that modified version of the Terms of Use.<\/p><p>\u00a0<\/p><p><strong>Intellectual Property Rights Notice<\/strong><br \/>Textul, grafica, fotografiile, m\u0103rcile comerciale, logo-urile si codurile (\u00eempreun\u0103 \u201eCon\u021binutul\u201d), incluz\u00e2nd dar f\u0103r\u0103 a se limita la design, structur\u0103, selec\u021bie, coordonare, exprimare si aranjarea Con\u021binutului, care sunt disponibile pe Site, apar\u021bin sau sunt licen\u021biate c\u0103tre ArkalexBB. Toate drepturile sunt rezervate.<\/p><p>Any redistribution or reproduction, in whole or in part, of the Site or the Content in any form, except for printing extracts for personal and non-commercial use, is prohibited.<\/p><p>\u00a0<\/p><p><strong>Privacy<\/strong><br \/>When you register on the Site to receive our newsletter or for any other purpose, we collect information about you, such as your name and email address.<\/p><p>Politica ArkalexBB privind protec\u021bia datelor cu caracter personal se aplic\u0103 colect\u0103rii acestor date, precum si utiliz\u0103rii Site-ului \u00een general. Politica ArkalexBB privind protec\u021bia datelor cu caracter personal este considerat\u0103 ca f\u0103c\u00e2nd parte din aceste Condi\u021bii de Utilizare, este inclus\u0103 \u00een Politica de Confiden\u021bialitate \u0219i o pute\u021bi accesa <a href=\"https:\/\/arkalexbb.ro\/en\/politica-de-confidentialitate\/\">by clicking here<\/a>.<\/p><p>\u00a0<\/p><p><strong>Site Limitations<\/strong><br \/>We make all reasonable commercial efforts to keep the Site functional and optimal. However, we are not responsible if the Site is temporarily unavailable due to technical problems beyond our control.<\/p><p>\u00a0<\/p><p><strong>Disclaimer. Limitations of Liability<\/strong><br \/>You acknowledge and agree that: (i) you use the Site at your own risk; (ii) The Site may contain links to other web pages, which are inserted only for your convenience and do not imply our approval, investigation or verification of those web pages or the information available on those pages; (iii) The Site is provided \"as is\" and \"as available\".<\/p><p>Neither we nor third parties guarantee the accuracy, completeness or timeliness of the information and materials found or offered on the Site for any particular result. We are not responsible for any inaccuracy or error. Your use of the information or materials on this Site is at your own risk and it is your responsibility to verify that the available information meets your requirements.<\/p><p><strong>Cessation<\/strong><br \/>Sunte\u021bi de acord c\u0103 ArkalexBB poate, la discre\u021bia sa, s\u0103 refuze, s\u0103 suspende sau s\u0103 anuleze accesul Dvs. la Site, f\u0103r\u0103 notificare prealabil\u0103.<\/p><p>\u00a0<\/p><p><strong>Applicable law<\/strong><br \/>These Terms of Use and any dispute that may arise from the use of the Site are governed by Romanian law.<\/p><p>\u00a0<\/p><p><strong>Contact<\/strong><br \/>For information on how to contact us, please go to the contact page by clicking <a href=\"https:\/\/arkalexbb.ro\/en\/contact\/\">here<\/a>.<\/p>\t\t\t\t\t\t<\/div>\n\t\t\t\t<\/div>\n\t\t\t\t\t<\/div>\n\t\t<\/div>\n\t\t\t\t\t\t\t<\/div>\n\t\t<\/section>\n\t\t\t\t\t<\/div>\n\t\t<\/div>\n\t\t\t\t\t\t\t<\/div>\n\t\t<\/section>\n\t\t\t\t\t\t\t<\/div>","protected":false},"excerpt":{"rendered":"<p>Informa\u021bii despre site-ul nostruS.C. Arkalexbb S.R.L, de\u021bine site-ul www.arkalexbb.ro (denumit ca si \u201eSite-ul\u201d). Site-ul v\u0103 permite dumneavoastr\u0103 (\u201eDvs.\u201d) s\u0103 g\u0103si\u021bi informa\u021bii, \u0219tiri \u0219i s\u0103 v\u0103 documenta\u021bi cu privire la serviciile si produsele ArkalexBB. \u00a0 AcordPrin utilizarea Site-ului nostru, sunte\u021bi de acord cu aceste Condi\u021bii de Utilizare. Declara\u021bi si garanta\u021bi c\u0103 de\u021bine\u021bi dreptul legal, capacitatea si [&hellip;]<\/p>","protected":false},"author":1,"featured_media":0,"parent":0,"menu_order":0,"comment_status":"closed","ping_status":"closed","template":"","meta":{"footnotes":""},"class_list":["post-155","page","type-page","status-publish","hentry"],"_links":{"self":[{"href":"https:\/\/arkalexbb.ro\/en\/wp-json\/wp\/v2\/pages\/155","targetHints":{"allow":["GET"]}}],"collection":[{"href":"https:\/\/arkalexbb.ro\/en\/wp-json\/wp\/v2\/pages"}],"about":[{"href":"https:\/\/arkalexbb.ro\/en\/wp-json\/wp\/v2\/types\/page"}],"author":[{"embeddable":true,"href":"https:\/\/arkalexbb.ro\/en\/wp-json\/wp\/v2\/users\/1"}],"replies":[{"embeddable":true,"href":"https:\/\/arkalexbb.ro\/en\/wp-json\/wp\/v2\/comments?post=155"}],"version-history":[{"count":13,"href":"https:\/\/arkalexbb.ro\/en\/wp-json\/wp\/v2\/pages\/155\/revisions"}],"predecessor-version":[{"id":581,"href":"https:\/\/arkalexbb.ro\/en\/wp-json\/wp\/v2\/pages\/155\/revisions\/581"}],"wp:attachment":[{"href":"https:\/\/arkalexbb.ro\/en\/wp-json\/wp\/v2\/media?parent=155"}],"curies":[{"name":"wp","href":"https:\/\/api.w.org\/{rel}","templated":true}]}}